{"id":19,"date":"2018-09-26T15:17:14","date_gmt":"2018-09-26T15:17:14","guid":{"rendered":"https:\/\/th-wagner.com\/?page_id=19"},"modified":"2024-03-06T21:50:18","modified_gmt":"2024-03-06T20:50:18","slug":"ueber-mich","status":"publish","type":"page","link":"https:\/\/th-wagner.com\/?page_id=19","title":{"rendered":"\u00dcber mich"},"content":{"rendered":"<div class=\"wp-block-image is-style-rounded\">\n<figure class=\"alignleft is-resized\"><img loading=\"lazy\" decoding=\"async\" width=\"773\" height=\"773\" src=\"https:\/\/th-wagner.com\/wp-content\/uploads\/2018\/11\/k-P1110561.jpg\" alt=\"\" class=\"wp-image-2047\" style=\"width:314px;height:auto\" srcset=\"https:\/\/th-wagner.com\/wp-content\/uploads\/2018\/11\/k-P1110561.jpg 773w, https:\/\/th-wagner.com\/wp-content\/uploads\/2018\/11\/k-P1110561-150x150.jpg 150w, https:\/\/th-wagner.com\/wp-content\/uploads\/2018\/11\/k-P1110561-300x300.jpg 300w, https:\/\/th-wagner.com\/wp-content\/uploads\/2018\/11\/k-P1110561-768x768.jpg 768w, https:\/\/th-wagner.com\/wp-content\/uploads\/2018\/11\/k-P1110561-220x220.jpg 220w, https:\/\/th-wagner.com\/wp-content\/uploads\/2018\/11\/k-P1110561-50x50.jpg 50w\" sizes=\"auto, (max-width: 773px) 100vw, 773px\" \/><\/figure>\n<\/div>\n\n\n<p>Willkommen auf meinem Blog! Mein Name ist Thomas Wagner, geboren 1981 in der Oberpfalz und seit 2010 im malerischen Allg\u00e4u zuhause. Ich freue mich, Ihnen einen Einblick in meine Welt der digitalen Kunst und Fotografie zu geben.<\/p>\n\n\n\n<p>Von Kindesbeinen an fasziniert von der Welt der Technologie und Kreativit\u00e4t. Nach meiner Ausbildung als technischer Assistent f\u00fcr Informatik studierte ich Textilingenieur. Durch mein Studium als Diplom-Ingenieur (FH) Textil, verschlug es mich 2010 beruflich ins Allg\u00e4u. Nebenher suchte ich Ausgleich zum beruflichen Alltag in der Fotografie.<\/p>\n\n\n\n<p>Durch die Linse einer Kamera kann ich die Sch\u00f6nheit der Welt in all ihren Facetten einfangen. Ob atemberaubende Landschaften, faszinierende Architektur oder die subtilen Nuancen des Alltags \u2013 jede Aufnahme erz\u00e4hlt ihre eigene Geschichte.<\/p>\n\n\n\n<p>Doch nicht nur die Fotografie, auch die Welt der Computerspiele und Programmierung \u00fcbt einen besonderen Reiz auf mich aus. Als begeisterter Gamer tauche ich gerne in virtuelle Welten ein und entdecke die unendlichen M\u00f6glichkeiten der digitalen Realit\u00e4t. Die Programmierung erm\u00f6glicht es mir, meine kreativen Ideen zum Leben zu erwecken und innovative L\u00f6sungen zu entwickeln.<\/p>\n\n\n\n<p>Dar\u00fcber hinaus fasziniert mich die M\u00f6glichkeiten, die sich durch die Erzeugung von Bildern mittels K\u00fcnstlicher Intelligenz (KI) er\u00f6ffnen. Dies stellt eine ganz neue Form der kreativen Gestaltung dar, die sich nicht mit herk\u00f6mmlicher Fotografie gleichsetzen l\u00e4sst. Die Algorithmen und Bildgeneratoren erm\u00f6glichen es, abstrakte Konzepte und vision\u00e4re Ideen auf eine ganz neue Ebene zu bringen. Die Zusammenarbeit von Mensch und Maschine erzeugt eine Synthese aus Kunst und Technologie, die mich immer wieder aufs Neue begeistert und inspiriert.<\/p>\n\n\n\n<p>Als aktives Mitglied eines Fotoclubs teile ich meine Leidenschaft f\u00fcr die Fotografie mit Gleichgesinnten und finde Inspiration in der Vielfalt der Perspektiven und Stile.<\/p>\n\n\n\n<p>Abseits meiner k\u00fcnstlerischen T\u00e4tigkeiten engagiere ich mich seit meiner Jugend im Roten Kreuz.<\/p>\n\n\n\n<p>Auf diesem Blog werde ich Sie mitnehmen auf eine Reise durch meine Welt der digitalen Kunst und Fotografie. Ich werde Einblicke geben in meine kreativen Prozesse, Techniken und Inspirationen teilen. Ich hoffe, dass Sie ebenso viel Freude daran haben werden wie ich.<\/p>\n\n\n\n<p>Bis bald, Thomas Wagner<\/p>\n\n\n\n<p><\/p>\n","protected":false},"excerpt":{"rendered":"<p>Willkommen auf meinem Blog! Mein Name ist Thomas Wagner, geboren 1981 in der Oberpfalz und seit 2010 im malerischen Allg\u00e4u zuhause. Ich freue mich, Ihnen einen Einblick in meine Welt&hellip;<\/p>\n","protected":false},"author":2,"featured_media":0,"parent":0,"menu_order":0,"comment_status":"closed","ping_status":"closed","template":"","meta":{"rop_custom_images_group":[],"rop_custom_messages_group":[],"rop_publish_now":"initial","rop_publish_now_accounts":{"twitter_aToyOTg1MDU1ODY7_298505586":""},"rop_publish_now_history":[],"rop_publish_now_status":"pending","ngg_post_thumbnail":0,"footnotes":""},"class_list":["post-19","page","type-page","status-publish","hentry"],"_links":{"self":[{"href":"https:\/\/th-wagner.com\/index.php?rest_route=\/wp\/v2\/pages\/19","targetHints":{"allow":["GET"]}}],"collection":[{"href":"https:\/\/th-wagner.com\/index.php?rest_route=\/wp\/v2\/pages"}],"about":[{"href":"https:\/\/th-wagner.com\/index.php?rest_route=\/wp\/v2\/types\/page"}],"author":[{"embeddable":true,"href":"https:\/\/th-wagner.com\/index.php?rest_route=\/wp\/v2\/users\/2"}],"replies":[{"embeddable":true,"href":"https:\/\/th-wagner.com\/index.php?rest_route=%2Fwp%2Fv2%2Fcomments&post=19"}],"version-history":[{"count":9,"href":"https:\/\/th-wagner.com\/index.php?rest_route=\/wp\/v2\/pages\/19\/revisions"}],"predecessor-version":[{"id":4575,"href":"https:\/\/th-wagner.com\/index.php?rest_route=\/wp\/v2\/pages\/19\/revisions\/4575"}],"wp:attachment":[{"href":"https:\/\/th-wagner.com\/index.php?rest_route=%2Fwp%2Fv2%2Fmedia&parent=19"}],"curies":[{"name":"wp","href":"https:\/\/api.w.org\/{rel}","templated":true}]}}